{"id":228,"date":"2023-08-11T20:05:42","date_gmt":"2023-08-11T20:05:42","guid":{"rendered":"https:\/\/asia-consult.org\/?page_id=228"},"modified":"2023-08-11T20:06:09","modified_gmt":"2023-08-11T20:06:09","slug":"a-propos-de-nous-2","status":"publish","type":"page","link":"http:\/\/asia-consult.org\/?page_id=228&lang=fr","title":{"rendered":"\u00e0 propos de nous\u2026"},"content":{"rendered":"\n<p><strong>Asia Consult c\u2019est\u2026<\/strong><br>une \u00e9quipe d\u2019entrepreneurs allemands ind\u00e9pendants,<br>\u2026 qui font des affaires en Allemagne et en Asie, mais aussi dans d\u2019autres pays,<br>\u2026 comprendre l\u2019activit\u00e9 entrepreneuriale et la responsabilit\u00e9 sociale comme une unit\u00e9,<br>\u2026 voient les contradictions et les in\u00e9galit\u00e9s de l\u2019ordre \u00e9conomique mondial global comme un d\u00e9fi et une obligation d\u2019agir dans un esprit de partenariat et de responsabilit\u00e9 sociale.<\/p>\n\n\n\n<p>Asia Consult n\u2019est PAS une soci\u00e9t\u00e9 de conseil typique avec des employ\u00e9s qui conseillent \u00ab uniquement \u00bb depuis de nombreuses ann\u00e9es. Asia Consult est un r\u00e9seau vital de sp\u00e9cialistes \u00e9prouv\u00e9s issus de la vie professionnelle r\u00e9elle.<\/p>\n\n\n\n<p><strong>Asia Consult est active dans les domaines\u2026<\/strong><\/p>\n\n\n\n<p><em>D\u00e9veloppement \u00e9conomique<\/em><br>\u2013 Conseils aux entreprises individuelles, principalement aux entreprises touristiques, pour le marketing touristique de destinations telles que les villes et les r\u00e9gions ainsi que dans le domaine de l\u2019artisanat<br>\u2013 Conseil aux institutions publiques et priv\u00e9es au niveau r\u00e9gional et national sur le marketing touristique<br>\u2013 D\u00e9veloppement de concepts pour le d\u00e9veloppement touristique des r\u00e9gions ainsi que des enjeux touristiques tels que l\u2019\u00e9cotourisme<br>\u2013 D\u00e9veloppement de nouvelles offres touristiques r\u00e9gionales et suivi de leur cr\u00e9ation<br>\u2013 Conseils aux associations professionnelles dans les pays en d\u00e9veloppement telles que les chambres et les petites associations professionnelles, principalement des associations de petits producteurs<\/p>\n\n\n\n<p><em>D\u00e9veloppement structurel et social pour lutter contre la pauvret\u00e9<\/em><br>\u2013 Soutien au d\u00e9veloppement et au conseil pour des projets qui contribuent \u00e0 l\u2019am\u00e9lioration des conditions de vie g\u00e9n\u00e9rales dans les r\u00e9gions rurales marginalis\u00e9es d\u2019Asie (comme l\u2019am\u00e9lioration des conditions sanitaires, l\u2019acc\u00e8s \u00e0 l\u2019eau potable, l\u2019enseignement primaire).<br>\u2013 Appui au d\u00e9veloppement et conseil pour des projets visant \u00e0 am\u00e9liorer la situation des revenus dans les r\u00e9gions rurales arri\u00e9r\u00e9es<\/p>\n\n\n\n<p><em>Conseil en personnel et qualification du personnel<\/em><br>\u2013 Formation sp\u00e9cifique au pays sur le Cambodge en pr\u00e9paration des affectations \u00e0 l\u2019\u00e9tranger<br>\u2013 Br\u00e8ve introduction \/ cours de base en khmer (cambodgien)<\/p>\n\n\n\n<p><em>conf\u00e9rences<\/em>&nbsp;et lectures<br>\u2013 notamment sur l\u2019histoire du Cambodge (comme dans les centres d\u2019\u00e9ducation des adultes)<br>\u2013 Sur les destinations touristiques, notamment Cambodge, Laos, Vietnam\/Ouzb\u00e9kistan<\/p>\n\n\n\n<p><em>cours de langue<\/em><br>\u2013 Khmer et russe<\/p>\n","protected":false},"excerpt":{"rendered":"<p>Asia Consult c\u2019est\u2026une \u00e9quipe d\u2019entrepreneurs allemands ind\u00e9pendants,\u2026 qui font des affaires en Allemagne et en Asie, mais aussi dans d\u2019autres pays,\u2026 comprendre l\u2019activit\u00e9 entrepreneuriale et la responsabilit\u00e9 sociale comme une unit\u00e9,\u2026 voient les contradictions et les in\u00e9galit\u00e9s de l\u2019ordre \u00e9conomique mondial global comme un d\u00e9fi et une obligation d\u2019agir dans un esprit de partenariat et &hellip; <a href=\"http:\/\/asia-consult.org\/?page_id=228&#038;lang=fr\" class=\"more-link\"><span class=\"screen-reader-text\">\u201e\u00e0 propos de nous\u2026\u201c <\/span>weiterlesen<\/a><\/p>\n","protected":false},"author":1,"featured_media":0,"parent":0,"menu_order":0,"comment_status":"closed","ping_status":"closed","template":"","meta":{"footnotes":""},"class_list":["post-228","page","type-page","status-publish","hentry"],"_links":{"self":[{"href":"http:\/\/asia-consult.org\/index.php?rest_route=\/wp\/v2\/pages\/228","targetHints":{"allow":["GET"]}}],"collection":[{"href":"http:\/\/asia-consult.org\/index.php?rest_route=\/wp\/v2\/pages"}],"about":[{"href":"http:\/\/asia-consult.org\/index.php?rest_route=\/wp\/v2\/types\/page"}],"author":[{"embeddable":true,"href":"http:\/\/asia-consult.org\/index.php?rest_route=\/wp\/v2\/users\/1"}],"replies":[{"embeddable":true,"href":"http:\/\/asia-consult.org\/index.php?rest_route=%2Fwp%2Fv2%2Fcomments&post=228"}],"version-history":[{"count":2,"href":"http:\/\/asia-consult.org\/index.php?rest_route=\/wp\/v2\/pages\/228\/revisions"}],"predecessor-version":[{"id":230,"href":"http:\/\/asia-consult.org\/index.php?rest_route=\/wp\/v2\/pages\/228\/revisions\/230"}],"wp:attachment":[{"href":"http:\/\/asia-consult.org\/index.php?rest_route=%2Fwp%2Fv2%2Fmedia&parent=228"}],"curies":[{"name":"wp","href":"https:\/\/api.w.org\/{rel}","templated":true}]}}